{"id":2,"date":"2019-09-06T14:08:57","date_gmt":"2019-09-06T12:08:57","guid":{"rendered":"http:\/\/gite-maison-mariotte.fr\/?page_id=2"},"modified":"2025-01-14T16:17:04","modified_gmt":"2025-01-14T15:17:04","slug":"page-d-exemple","status":"publish","type":"page","link":"https:\/\/gite-maison-mariotte.fr\/","title":{"rendered":"Bienvenue !"},"content":{"rendered":"\n<p>D\u00e9couvrez cette splendide demeure au coeur des Alpes situ\u00e9e \u00e0 Saint Sim\u00e9on de Bressieux.<\/p>\n\n\n\n<p>Cette maison vous accueille tout au long de l&rsquo;ann\u00e9e \u00e0 l&rsquo;occasion de la d\u00e9couverte de notre belle r\u00e9gion, d&rsquo;un week-end reposant ou encore lors de vos vacances.<\/p>\n\n\n\n<div class=\"wp-block-image\"><figure class=\"aligncenter is-resized\"><img loading=\"lazy\" decoding=\"async\" src=\"http:\/\/gite-maison-mariotte.fr\/wp-content\/uploads\/2020\/01\/logo-meubl\u00e9-de-toursime-4-etoiles.jpg\" alt=\"\" class=\"wp-image-251\" width=\"259\" height=\"259\" srcset=\"https:\/\/gite-maison-mariotte.fr\/wp-content\/uploads\/2020\/01\/logo-meubl\u00e9-de-toursime-4-etoiles.jpg 458w, https:\/\/gite-maison-mariotte.fr\/wp-content\/uploads\/2020\/01\/logo-meubl\u00e9-de-toursime-4-etoiles-150x150.jpg 150w, https:\/\/gite-maison-mariotte.fr\/wp-content\/uploads\/2020\/01\/logo-meubl\u00e9-de-toursime-4-etoiles-300x300.jpg 300w\" sizes=\"auto, (max-width: 259px) 100vw, 259px\" \/><\/figure><\/div>\n","protected":false},"excerpt":{"rendered":"<p>D\u00e9couvrez cette splendide demeure au coeur des Alpes situ\u00e9e \u00e0 Saint Sim\u00e9on de Bressieux. Cette maison vous accueille tout au long de l&rsquo;ann\u00e9e \u00e0 l&rsquo;occasion de la d\u00e9couverte de notre belle r\u00e9gion, d&rsquo;un week-end reposant ou encore lors de vos vacances.<\/p>\n","protected":false},"author":1,"featured_media":367,"parent":0,"menu_order":1,"comment_status":"closed","ping_status":"open","template":"template-fullwidth.php","meta":{"footnotes":""},"class_list":["post-2","page","type-page","status-publish","has-post-thumbnail","hentry"],"_links":{"self":[{"href":"https:\/\/gite-maison-mariotte.fr\/index.php?rest_route=\/wp\/v2\/pages\/2","targetHints":{"allow":["GET"]}}],"collection":[{"href":"https:\/\/gite-maison-mariotte.fr\/index.php?rest_route=\/wp\/v2\/pages"}],"about":[{"href":"https:\/\/gite-maison-mariotte.fr\/index.php?rest_route=\/wp\/v2\/types\/page"}],"author":[{"embeddable":true,"href":"https:\/\/gite-maison-mariotte.fr\/index.php?rest_route=\/wp\/v2\/users\/1"}],"replies":[{"embeddable":true,"href":"https:\/\/gite-maison-mariotte.fr\/index.php?rest_route=%2Fwp%2Fv2%2Fcomments&post=2"}],"version-history":[{"count":8,"href":"https:\/\/gite-maison-mariotte.fr\/index.php?rest_route=\/wp\/v2\/pages\/2\/revisions"}],"predecessor-version":[{"id":253,"href":"https:\/\/gite-maison-mariotte.fr\/index.php?rest_route=\/wp\/v2\/pages\/2\/revisions\/253"}],"wp:featuredmedia":[{"embeddable":true,"href":"https:\/\/gite-maison-mariotte.fr\/index.php?rest_route=\/wp\/v2\/media\/367"}],"wp:attachment":[{"href":"https:\/\/gite-maison-mariotte.fr\/index.php?rest_route=%2Fwp%2Fv2%2Fmedia&parent=2"}],"curies":[{"name":"wp","href":"https:\/\/api.w.org\/{rel}","templated":true}]}}