{"id":28,"date":"2019-09-11T11:19:07","date_gmt":"2019-09-11T09:19:07","guid":{"rendered":"http:\/\/gite-maison-mariotte.fr\/?page_id=28"},"modified":"2019-09-19T07:16:13","modified_gmt":"2019-09-19T05:16:13","slug":"notre-histoire","status":"publish","type":"page","link":"https:\/\/gite-maison-mariotte.fr\/?page_id=28","title":{"rendered":"Notre histoire"},"content":{"rendered":"\n<p>Bienvenue \u00e0 la Maison Mariotte<br>Sophie et Alexis vous accueillent \u00e0 Saint Sim\u00e9on de Bressieux, dans la maison familiale construite par les grands-parents d\u2019Alexis, Janine et Marcel Mariotte.<\/p>\n\n\n\n<p>Amoureux de cette maison dot\u00e9e d\u2019une \u00e2me et d\u2019une histoire, nous avons pens\u00e9 qu\u2019elle serait un lieu id\u00e9al pour se ressourcer entre amis, en famille ou avec votre \u00e9quipe professionnelle.<\/p>\n\n\n\n<p>La Maison Mariotte est id\u00e9alement situ\u00e9e pour une escapade champ\u00eatre, au coeur de la plaine de Bi\u00e8vre, \u00e0 c\u00f4t\u00e9 de la for\u00eat de Chambaran et de ses \u00e9tangs.<\/p>\n\n\n\n<p>Vous pourrez fl\u00e2ner sur les ruines du Ch\u00e2teau de Bressieux, passer des soir\u00e9es au festival Berlioz, ou d\u00e9couvrir le Village M\u00e9di\u00e9val de Saint Antoine l\u2019Abbaye.<\/p>\n\n\n\n<p>Pour les plus sportifs, de nombreux circuits v\u00e9lo et \u00e9questres bordent le g\u00eete, ainsi que le Chemin de Saint Jacques de Compostelle.<\/p>\n\n\n\n<p>Echappez vous au vert&#8230; profitez du Parc bois\u00e9 d\u2019un hectare, et selon la saison, de sa piscine chauff\u00e9e pour en savourer le calme, la s\u00e9r\u00e9nit\u00e9 et l\u2019authenticit\u00e9.<\/p>\n","protected":false},"excerpt":{"rendered":"<p>Bienvenue \u00e0 la Maison MariotteSophie et Alexis vous accueillent \u00e0 Saint Sim\u00e9on de Bressieux, dans la maison familiale construite par les grands-parents d\u2019Alexis, Janine et Marcel Mariotte. Amoureux de cette maison dot\u00e9e d\u2019une \u00e2me et d\u2019une histoire, nous avons pens\u00e9 qu\u2019elle serait un lieu id\u00e9al pour se ressourcer entre amis, en famille ou avec votre [&hellip;]<\/p>\n","protected":false},"author":1,"featured_media":0,"parent":0,"menu_order":0,"comment_status":"closed","ping_status":"closed","template":"","meta":{"footnotes":""},"class_list":["post-28","page","type-page","status-publish","hentry"],"_links":{"self":[{"href":"https:\/\/gite-maison-mariotte.fr\/index.php?rest_route=\/wp\/v2\/pages\/28","targetHints":{"allow":["GET"]}}],"collection":[{"href":"https:\/\/gite-maison-mariotte.fr\/index.php?rest_route=\/wp\/v2\/pages"}],"about":[{"href":"https:\/\/gite-maison-mariotte.fr\/index.php?rest_route=\/wp\/v2\/types\/page"}],"author":[{"embeddable":true,"href":"https:\/\/gite-maison-mariotte.fr\/index.php?rest_route=\/wp\/v2\/users\/1"}],"replies":[{"embeddable":true,"href":"https:\/\/gite-maison-mariotte.fr\/index.php?rest_route=%2Fwp%2Fv2%2Fcomments&post=28"}],"version-history":[{"count":4,"href":"https:\/\/gite-maison-mariotte.fr\/index.php?rest_route=\/wp\/v2\/pages\/28\/revisions"}],"predecessor-version":[{"id":94,"href":"https:\/\/gite-maison-mariotte.fr\/index.php?rest_route=\/wp\/v2\/pages\/28\/revisions\/94"}],"wp:attachment":[{"href":"https:\/\/gite-maison-mariotte.fr\/index.php?rest_route=%2Fwp%2Fv2%2Fmedia&parent=28"}],"curies":[{"name":"wp","href":"https:\/\/api.w.org\/{rel}","templated":true}]}}