{"id":36,"date":"2019-09-11T11:20:36","date_gmt":"2019-09-11T09:20:36","guid":{"rendered":"http:\/\/gite-maison-mariotte.fr\/?page_id=36"},"modified":"2025-01-14T16:26:12","modified_gmt":"2025-01-14T15:26:12","slug":"tarifs-de-location","status":"publish","type":"page","link":"https:\/\/gite-maison-mariotte.fr\/?page_id=36","title":{"rendered":"Tarifs de location"},"content":{"rendered":"\n<h5 class=\"wp-block-heading\"><strong>Tarifs classiques<\/strong><\/h5>\n\n\n\n<h5 class=\"wp-block-heading\"><strong>&#8211; Minimum 2 nuits&nbsp;&#8211;<\/strong><\/h5>\n\n\n\n<p>Tarif par nuit :<\/p>\n\n\n\n<p>\u2022 Le week-end : 500 \u20ac<\/p>\n\n\n\n<p>\u2022 En semaine : 480 \u20ac<\/p>\n\n\n\n<p>\u2022 Une semaine : \u00e0 partir de 3300 \u20ac<\/p>\n\n\n\n<p>Suppl\u00e9ment au-del\u00e0 de 10 personnes, par nuit&nbsp;et par personne : 20 \u20ac<\/p>\n\n\n\n<p>M\u00e9nage : 200 \u20ac<br><\/p>\n\n\n\n<p>Linge : draps fournis ( linge de toilette nous consulter)<br><\/p>\n\n\n\n<hr class=\"wp-block-separator has-css-opacity\"\/>\n\n\n\n<p><\/p>\n\n\n\n<h5 class=\"wp-block-heading\"><strong>Tarifs particuliers :<\/strong><\/h5>\n\n\n\n<h5 class=\"wp-block-heading\"><strong>&#8211; Nous consulter&nbsp;&#8211;<\/strong><\/h5>\n\n\n\n<p><strong>WE prolong\u00e9s<\/strong>&nbsp;: Ascension, Pentec\u00f4te&#8230;ect<\/p>\n\n\n\n<p><\/p>\n\n\n\n<p><\/p>\n\n\n\n<hr class=\"wp-block-separator has-css-opacity\"\/>\n\n\n\n<p>Taxe de s\u00e9jour 1,32\u20ac\/nuit et par adulte ( meubl\u00e9 de tourisme 4 \u00e9toiles )<\/p>\n\n\n\n<hr class=\"wp-block-separator has-css-opacity\"\/>\n\n\n\n<p>N&rsquo;h\u00e9sitez pas \u00e0 nous appeler au 06 31 71 59 16, nous sommes \u00e0 votre enti\u00e8re disposition pour r\u00e9pondre \u00e0 vos questions ou vous \u00e9tablir un devis.<\/p>\n","protected":false},"excerpt":{"rendered":"<p>Tarifs classiques &#8211; Minimum 2 nuits&nbsp;&#8211; Tarif par nuit : \u2022 Le week-end : 500 \u20ac \u2022 En semaine : 480 \u20ac \u2022 Une semaine : \u00e0 partir de 3300 \u20ac Suppl\u00e9ment au-del\u00e0 de 10 personnes, par nuit&nbsp;et par personne : 20 \u20ac M\u00e9nage : 200 \u20ac Linge : draps fournis ( linge de toilette [&hellip;]<\/p>\n","protected":false},"author":1,"featured_media":0,"parent":0,"menu_order":0,"comment_status":"closed","ping_status":"closed","template":"","meta":{"footnotes":""},"class_list":["post-36","page","type-page","status-publish","hentry"],"_links":{"self":[{"href":"https:\/\/gite-maison-mariotte.fr\/index.php?rest_route=\/wp\/v2\/pages\/36","targetHints":{"allow":["GET"]}}],"collection":[{"href":"https:\/\/gite-maison-mariotte.fr\/index.php?rest_route=\/wp\/v2\/pages"}],"about":[{"href":"https:\/\/gite-maison-mariotte.fr\/index.php?rest_route=\/wp\/v2\/types\/page"}],"author":[{"embeddable":true,"href":"https:\/\/gite-maison-mariotte.fr\/index.php?rest_route=\/wp\/v2\/users\/1"}],"replies":[{"embeddable":true,"href":"https:\/\/gite-maison-mariotte.fr\/index.php?rest_route=%2Fwp%2Fv2%2Fcomments&post=36"}],"version-history":[{"count":22,"href":"https:\/\/gite-maison-mariotte.fr\/index.php?rest_route=\/wp\/v2\/pages\/36\/revisions"}],"predecessor-version":[{"id":376,"href":"https:\/\/gite-maison-mariotte.fr\/index.php?rest_route=\/wp\/v2\/pages\/36\/revisions\/376"}],"wp:attachment":[{"href":"https:\/\/gite-maison-mariotte.fr\/index.php?rest_route=%2Fwp%2Fv2%2Fmedia&parent=36"}],"curies":[{"name":"wp","href":"https:\/\/api.w.org\/{rel}","templated":true}]}}